{"id":959,"date":"2024-03-26T05:40:18","date_gmt":"2024-03-26T05:40:18","guid":{"rendered":"https:\/\/lovefeet.ch\/about-us\/"},"modified":"2024-09-27T12:47:13","modified_gmt":"2024-09-27T12:47:13","slug":"ueber_lovefeet","status":"publish","type":"page","link":"https:\/\/lovefeet.ch\/de\/ueber_lovefeet\/","title":{"rendered":"\u00dcber uns"},"content":{"rendered":"\t\t<div data-elementor-type=\"wp-page\" data-elementor-id=\"959\" class=\"elementor elementor-959\" data-elementor-post-type=\"page\">\n\t\t\t\t\t\t<section class=\"elementor-section elementor-top-section elementor-element elementor-element-a03a883 elementor-section-stretched elementor-section-boxed elementor-section-height-default elementor-section-height-default\" data-id=\"a03a883\" data-element_type=\"section\" data-settings=\"{&quot;background_background&quot;:&quot;classic&quot;,&quot;stretch_section&quot;:&quot;section-stretched&quot;}\">\n\t\t\t\t\t\t\t<div class=\"elementor-background-overlay\"><\/div>\n\t\t\t\t\t\t\t<div class=\"elementor-container elementor-column-gap-default\">\n\t\t\t\t\t<div class=\"elementor-column elementor-col-100 elementor-top-column elementor-element elementor-element-35ae901 elementor-invisible\" data-id=\"35ae901\" data-element_type=\"column\" data-settings=\"{&quot;animation&quot;:&quot;fadeInDown&quot;}\">\n\t\t\t<div class=\"elementor-widget-wrap elementor-element-populated\">\n\t\t\t\t\t\t<div class=\"elementor-element elementor-element-67a863e elementor-widget__width-initial elementor-widget-mobile__width-inherit elementor-widget elementor-widget-heading\" data-id=\"67a863e\" data-element_type=\"widget\" data-widget_type=\"heading.default\">\n\t\t\t\t<div class=\"elementor-widget-container\">\n\t\t\t\t\t<h2 class=\"elementor-heading-title elementor-size-default\">H\u00f6chste Qualit\u00e4tsanspr\u00fcche mit perfektem Kundenservice das ist LoveFeet<\/h2>\t\t\t\t<\/div>\n\t\t\t\t<\/div>\n\t\t\t\t\t<\/div>\n\t\t<\/div>\n\t\t\t\t\t<\/div>\n\t\t<\/section>\n\t\t\t\t<section class=\"elementor-section elementor-top-section elementor-element elementor-element-43f2f8b elementor-section-content-middle elementor-section-boxed elementor-section-height-default elementor-section-height-default\" data-id=\"43f2f8b\" data-element_type=\"section\">\n\t\t\t\t\t\t<div class=\"elementor-container elementor-column-gap-default\">\n\t\t\t\t\t<div class=\"elementor-column elementor-col-50 elementor-top-column elementor-element elementor-element-1cfdd44 elementor-invisible\" data-id=\"1cfdd44\" data-element_type=\"column\" data-settings=\"{&quot;animation&quot;:&quot;fadeInLeft&quot;}\">\n\t\t\t<div class=\"elementor-widget-wrap elementor-element-populated\">\n\t\t\t\t\t\t<div class=\"elementor-element elementor-element-a69081f elementor-widget elementor-widget-text-editor\" data-id=\"a69081f\" data-element_type=\"widget\" data-widget_type=\"text-editor.default\">\n\t\t\t\t<div class=\"elementor-widget-container\">\n\t\t\t\t\t\t\t\t\t<p>Als Jugendliche waren coole Schuhe ein absolutes Muss, ganz ohne R\u00fccksicht auf die Gesundheit unserer F\u00fcsse. Doch wenn es darum ging, die Schuhe bei Freunden auszuziehen, war es mit der L\u00e4ssigkeit schnell vorbei. Schweissf\u00fcsse und unangenehme Ger\u00fcche machten es zur Herausforderung, die F\u00fcsse wieder in die Freiheit zu entlassen. Nagel- und Fusspilz waren unerw\u00fcnschte Begleiter.<\/p>\n\t\t\t\t\t\t\t\t<\/div>\n\t\t\t\t<\/div>\n\t\t\t\t\t<\/div>\n\t\t<\/div>\n\t\t\t\t<div class=\"elementor-column elementor-col-50 elementor-top-column elementor-element elementor-element-537da7d elementor-invisible\" data-id=\"537da7d\" data-element_type=\"column\" data-settings=\"{&quot;animation&quot;:&quot;fadeInRight&quot;,&quot;animation_mobile&quot;:&quot;fadeInRight&quot;}\">\n\t\t\t<div class=\"elementor-widget-wrap elementor-element-populated\">\n\t\t\t\t\t\t<div class=\"elementor-element elementor-element-7e3cf51 elementor-widget elementor-widget-image\" data-id=\"7e3cf51\" data-element_type=\"widget\" data-widget_type=\"image.default\">\n\t\t\t\t<div class=\"elementor-widget-container\">\n\t\t\t\t\t\t\t\t\t\t\t\t\t\t\t<img fetchpriority=\"high\" decoding=\"async\" width=\"776\" height=\"910\" src=\"https:\/\/lovefeet.ch\/wp-content\/uploads\/2024\/07\/stinkende_schuhe.jpg\" class=\"attachment-full size-full wp-image-791\" alt=\"\" srcset=\"https:\/\/lovefeet.ch\/wp-content\/uploads\/2024\/07\/stinkende_schuhe.jpg 776w, https:\/\/lovefeet.ch\/wp-content\/uploads\/2024\/07\/stinkende_schuhe-600x704.jpg 600w, https:\/\/lovefeet.ch\/wp-content\/uploads\/2024\/07\/stinkende_schuhe-256x300.jpg 256w, https:\/\/lovefeet.ch\/wp-content\/uploads\/2024\/07\/stinkende_schuhe-768x901.jpg 768w\" sizes=\"(max-width: 776px) 100vw, 776px\" \/>\t\t\t\t\t\t\t\t\t\t\t\t\t\t\t<\/div>\n\t\t\t\t<\/div>\n\t\t\t\t\t<\/div>\n\t\t<\/div>\n\t\t\t\t\t<\/div>\n\t\t<\/section>\n\t\t\t\t<section class=\"elementor-section elementor-top-section elementor-element elementor-element-8019234 elementor-section-content-middle elementor-reverse-mobile elementor-section-boxed elementor-section-height-default elementor-section-height-default\" data-id=\"8019234\" data-element_type=\"section\">\n\t\t\t\t\t\t<div class=\"elementor-container elementor-column-gap-default\">\n\t\t\t\t\t<div class=\"elementor-column elementor-col-50 elementor-top-column elementor-element elementor-element-b07c44d elementor-invisible\" data-id=\"b07c44d\" data-element_type=\"column\" data-settings=\"{&quot;animation&quot;:&quot;fadeInLeft&quot;,&quot;animation_mobile&quot;:&quot;fadeInLeft&quot;}\">\n\t\t\t<div class=\"elementor-widget-wrap elementor-element-populated\">\n\t\t\t\t\t\t<div class=\"elementor-element elementor-element-af61753 elementor-widget elementor-widget-image\" data-id=\"af61753\" data-element_type=\"widget\" data-widget_type=\"image.default\">\n\t\t\t\t<div class=\"elementor-widget-container\">\n\t\t\t\t\t\t\t\t\t\t\t\t\t\t\t<img decoding=\"async\" width=\"776\" height=\"910\" src=\"https:\/\/lovefeet.ch\/wp-content\/uploads\/2024\/07\/Schusohle_einglegen-2.jpg\" class=\"attachment-full size-full wp-image-1155\" alt=\"\" srcset=\"https:\/\/lovefeet.ch\/wp-content\/uploads\/2024\/07\/Schusohle_einglegen-2.jpg 776w, https:\/\/lovefeet.ch\/wp-content\/uploads\/2024\/07\/Schusohle_einglegen-2-600x704.jpg 600w, https:\/\/lovefeet.ch\/wp-content\/uploads\/2024\/07\/Schusohle_einglegen-2-256x300.jpg 256w, https:\/\/lovefeet.ch\/wp-content\/uploads\/2024\/07\/Schusohle_einglegen-2-768x901.jpg 768w\" sizes=\"(max-width: 776px) 100vw, 776px\" \/>\t\t\t\t\t\t\t\t\t\t\t\t\t\t\t<\/div>\n\t\t\t\t<\/div>\n\t\t\t\t\t<\/div>\n\t\t<\/div>\n\t\t\t\t<div class=\"elementor-column elementor-col-50 elementor-top-column elementor-element elementor-element-2bc8e46 elementor-invisible\" data-id=\"2bc8e46\" data-element_type=\"column\" data-settings=\"{&quot;animation&quot;:&quot;fadeInRight&quot;,&quot;animation_mobile&quot;:&quot;none&quot;}\">\n\t\t\t<div class=\"elementor-widget-wrap elementor-element-populated\">\n\t\t\t\t\t\t<div class=\"elementor-element elementor-element-395e5d7 elementor-widget elementor-widget-text-editor\" data-id=\"395e5d7\" data-element_type=\"widget\" data-widget_type=\"text-editor.default\">\n\t\t\t\t<div class=\"elementor-widget-container\">\n\t\t\t\t\t\t\t\t\t<p>Die L\u00f6sung? Schuhdeo, Fussdeo und Fusscreme! Einmal quer durch das Sortiment getestet blieb der gew\u00fcnschte Erfolg trotz t\u00e4glichem Einsatz sehr bescheiden. Stundenlang steckten die F\u00fcsse in modischen, aber leider wenig atmungsaktiven Schuhen \u2013 eine nachhaltige Fusspflege war kaum m\u00f6glich.<\/p>\n<p>Da kam die Idee mit dem Zedernholz gerade recht. Schliesslich h\u00e4lt es in Schr\u00e4nken Motten fern, warum also nicht auch den F\u00fcssen dienen? Und so wurden die LoveFeet Zedernholzsohlen geboren.<\/p>\n\t\t\t\t\t\t\t\t<\/div>\n\t\t\t\t<\/div>\n\t\t\t\t\t<\/div>\n\t\t<\/div>\n\t\t\t\t\t<\/div>\n\t\t<\/section>\n\t\t\t\t<section class=\"elementor-section elementor-top-section elementor-element elementor-element-e911adf elementor-section-content-middle elementor-section-boxed elementor-section-height-default elementor-section-height-default\" data-id=\"e911adf\" data-element_type=\"section\">\n\t\t\t\t\t\t<div class=\"elementor-container elementor-column-gap-default\">\n\t\t\t\t\t<div class=\"elementor-column elementor-col-50 elementor-top-column elementor-element elementor-element-a490d4c elementor-invisible\" data-id=\"a490d4c\" data-element_type=\"column\" data-settings=\"{&quot;animation&quot;:&quot;fadeInLeft&quot;}\">\n\t\t\t<div class=\"elementor-widget-wrap elementor-element-populated\">\n\t\t\t\t\t\t<div class=\"elementor-element elementor-element-7dd4d06 elementor-widget elementor-widget-text-editor\" data-id=\"7dd4d06\" data-element_type=\"widget\" data-widget_type=\"text-editor.default\">\n\t\t\t\t<div class=\"elementor-widget-container\">\n\t\t\t\t\t\t\t\t\t<\/p>\n<p>In einer kleinen Manufaktur, wo Qualit\u00e4t an oberster Stelle steht, werden diese Naturprodukte mit viel Liebe zum Detail hergestellt. Jede Sohle besticht durch ihre einzigartige Holzstruktur, dem nat\u00fcrlichen Duft und der herausragende Qualit\u00e4t. Selektiv wird nur bestes europ\u00e4ische Zedernholz und hochwertiger Baumwollstoff zu unseren Holzsohlen verarbeitet.<\/p>\n<p>Die LoveFeet Zedernholzsohlen bringen viele F\u00fcsse zum L\u00e4cheln und sorgen auch f\u00fcr wahre Fussgesundheit. Entdecken Sie jetzt das Geheimnis gl\u00fccklicher F\u00fcsse!<\/p>\n\t\t\t\t\t\t\t\t<\/div>\n\t\t\t\t<\/div>\n\t\t\t\t\t<\/div>\n\t\t<\/div>\n\t\t\t\t<div class=\"elementor-column elementor-col-50 elementor-top-column elementor-element elementor-element-2e6f9be elementor-invisible\" data-id=\"2e6f9be\" data-element_type=\"column\" data-settings=\"{&quot;animation&quot;:&quot;fadeInRight&quot;}\">\n\t\t\t<div class=\"elementor-widget-wrap elementor-element-populated\">\n\t\t\t\t\t\t<div class=\"elementor-element elementor-element-fa6dfb5 elementor-widget elementor-widget-image\" data-id=\"fa6dfb5\" data-element_type=\"widget\" data-widget_type=\"image.default\">\n\t\t\t\t<div class=\"elementor-widget-container\">\n\t\t\t\t\t\t\t\t\t\t\t\t\t\t\t<img decoding=\"async\" width=\"776\" height=\"910\" src=\"https:\/\/lovefeet.ch\/wp-content\/uploads\/2024\/07\/duenne_einlegesohlen.jpg\" class=\"attachment-full size-full wp-image-793\" alt=\"\" srcset=\"https:\/\/lovefeet.ch\/wp-content\/uploads\/2024\/07\/duenne_einlegesohlen.jpg 776w, https:\/\/lovefeet.ch\/wp-content\/uploads\/2024\/07\/duenne_einlegesohlen-600x704.jpg 600w, https:\/\/lovefeet.ch\/wp-content\/uploads\/2024\/07\/duenne_einlegesohlen-256x300.jpg 256w, https:\/\/lovefeet.ch\/wp-content\/uploads\/2024\/07\/duenne_einlegesohlen-768x901.jpg 768w\" sizes=\"(max-width: 776px) 100vw, 776px\" \/>\t\t\t\t\t\t\t\t\t\t\t\t\t\t\t<\/div>\n\t\t\t\t<\/div>\n\t\t\t\t\t<\/div>\n\t\t<\/div>\n\t\t\t\t\t<\/div>\n\t\t<\/section>\n\t\t\t\t<\/div>\n\t\t","protected":false},"excerpt":{"rendered":"<p>H\u00f6chste Qualit\u00e4tsanspr\u00fcche mit perfektem Kundenservice das ist LoveFeet Als Jugendliche waren coole Schuhe ein absolutes Muss, ganz ohne R\u00fccksicht auf die Gesundheit unserer F\u00fcsse. Doch wenn es darum ging, die Schuhe bei Freunden auszuziehen, war es mit der L\u00e4ssigkeit schnell vorbei. Schweissf\u00fcsse und unangenehme Ger\u00fcche machten es zur Herausforderung, die F\u00fcsse wieder in die Freiheit [&hellip;]<\/p>\n","protected":false},"author":1,"featured_media":0,"parent":0,"menu_order":0,"comment_status":"closed","ping_status":"closed","template":"elementor_header_footer","meta":{"footnotes":""},"class_list":["post-959","page","type-page","status-publish","hentry"],"_links":{"self":[{"href":"https:\/\/lovefeet.ch\/de\/wp-json\/wp\/v2\/pages\/959","targetHints":{"allow":["GET"]}}],"collection":[{"href":"https:\/\/lovefeet.ch\/de\/wp-json\/wp\/v2\/pages"}],"about":[{"href":"https:\/\/lovefeet.ch\/de\/wp-json\/wp\/v2\/types\/page"}],"author":[{"embeddable":true,"href":"https:\/\/lovefeet.ch\/de\/wp-json\/wp\/v2\/users\/1"}],"replies":[{"embeddable":true,"href":"https:\/\/lovefeet.ch\/de\/wp-json\/wp\/v2\/comments?post=959"}],"version-history":[{"count":8,"href":"https:\/\/lovefeet.ch\/de\/wp-json\/wp\/v2\/pages\/959\/revisions"}],"predecessor-version":[{"id":2052,"href":"https:\/\/lovefeet.ch\/de\/wp-json\/wp\/v2\/pages\/959\/revisions\/2052"}],"wp:attachment":[{"href":"https:\/\/lovefeet.ch\/de\/wp-json\/wp\/v2\/media?parent=959"}],"curies":[{"name":"wp","href":"https:\/\/api.w.org\/{rel}","templated":true}]}}